{"id":3100,"date":"2021-02-02T18:51:21","date_gmt":"2021-02-02T18:51:21","guid":{"rendered":"https:\/\/www.sedaceiautomation.com\/?page_id=3100"},"modified":"2021-02-09T14:41:16","modified_gmt":"2021-02-09T14:41:16","slug":"ventas-en-linea","status":"publish","type":"page","link":"https:\/\/www.sedaceiautomation.com\/?page_id=3100","title":{"rendered":"Ventas en L\u00ednea"},"content":{"rendered":"\n<div class=\"wp-block-columns is-layout-flex wp-container-core-columns-is-layout-1 wp-block-columns-is-layout-flex\">\n<div class=\"wp-block-column is-layout-flow wp-block-column-is-layout-flow\">\n<p style=\"text-align: justify;\"><span style=\"color: #000000;\">En <strong>Sedacei Automation\u00a0<\/strong>te brindamos productos de calidad, ademas de contar con un apartado de Mercado libre la cual nos respalda las ventas y nos permite seguir creciendo como empresa.\u00a0<\/span><\/p>\n<p style=\"text-align: justify;\"><span style=\"color: #000000;\">Adicional a esto, se cuenta con la capacidad para poder cubrir los requerimientos de clientes as\u00ed mi se cuenta con un \u00e1rea de dise\u00f1o para que pueda desarrollar el producto a tu necesidad, logrando la satisfacci\u00f3n del cliente <\/span><\/p>\n<\/div>\n\n\n\n<div class=\"wp-block-column is-layout-flow wp-block-column-is-layout-flow\">\n<div class=\"wp-block-image is-style-default\"><figure class=\"aligncenter size-large\"><img loading=\"lazy\" decoding=\"async\" width=\"225\" height=\"225\" src=\"https:\/\/www.sedaceiautomation.com\/wp-content\/uploads\/2021\/02\/descargar.png\" alt=\"\" class=\"wp-image-3092\" srcset=\"https:\/\/www.sedaceiautomation.com\/wp-content\/uploads\/2021\/02\/descargar.png 225w, https:\/\/www.sedaceiautomation.com\/wp-content\/uploads\/2021\/02\/descargar-150x150.png 150w\" sizes=\"auto, (max-width: 225px) 100vw, 225px\" \/><figcaption><a href=\"https:\/\/articulo.mercadolibre.com.mx\/MLM-805457582-canastilla-para-montacargas-sedacei-_JM\">Ingresa a uno de nuestros apartados en Mercado Libre<\/a><\/figcaption><\/figure><\/div>\n<\/div>\n\n\n\n<div class=\"wp-block-column is-layout-flow wp-block-column-is-layout-flow\"><div class=\"aligncenter wp-block-calendar\"><table id=\"wp-calendar\" class=\"wp-calendar-table\">\n\t<caption>abril 2026<\/caption>\n\t<thead>\n\t<tr>\n\t\t<th scope=\"col\" title=\"lunes\">L<\/th>\n\t\t<th scope=\"col\" title=\"martes\">M<\/th>\n\t\t<th scope=\"col\" title=\"mi\u00e9rcoles\">X<\/th>\n\t\t<th scope=\"col\" title=\"jueves\">J<\/th>\n\t\t<th scope=\"col\" title=\"viernes\">V<\/th>\n\t\t<th scope=\"col\" title=\"s\u00e1bado\">S<\/th>\n\t\t<th scope=\"col\" title=\"domingo\">D<\/th>\n\t<\/tr>\n\t<\/thead>\n\t<tbody>\n\t<tr>\n\t\t<td colspan=\"2\" class=\"pad\">&nbsp;<\/td><td>1<\/td><td>2<\/td><td>3<\/td><td>4<\/td><td>5<\/td>\n\t<\/tr>\n\t<tr>\n\t\t<td>6<\/td><td>7<\/td><td>8<\/td><td>9<\/td><td>10<\/td><td>11<\/td><td>12<\/td>\n\t<\/tr>\n\t<tr>\n\t\t<td>13<\/td><td>14<\/td><td id=\"today\">15<\/td><td>16<\/td><td>17<\/td><td>18<\/td><td>19<\/td>\n\t<\/tr>\n\t<tr>\n\t\t<td>20<\/td><td>21<\/td><td>22<\/td><td>23<\/td><td>24<\/td><td>25<\/td><td>26<\/td>\n\t<\/tr>\n\t<tr>\n\t\t<td>27<\/td><td>28<\/td><td>29<\/td><td>30<\/td>\n\t\t<td class=\"pad\" colspan=\"3\">&nbsp;<\/td>\n\t<\/tr>\n\t<\/tbody>\n\t<\/table><nav aria-label=\"Meses anteriores y posteriores\" class=\"wp-calendar-nav\">\n\t\t<span class=\"wp-calendar-nav-prev\"><a href=\"https:\/\/www.sedaceiautomation.com\/?m=201703\">&laquo; Mar<\/a><\/span>\n\t\t<span class=\"pad\">&nbsp;<\/span>\n\t\t<span class=\"wp-calendar-nav-next\">&nbsp;<\/span>\n\t<\/nav><\/div><\/div>\n<\/div>\n","protected":false},"excerpt":{"rendered":"En Sedacei Automation\u00a0te brindamos productos de calidad, ademas de contar con un apartado de Mercado libre la cual nos respalda las ventas y nos permite seguir creciendo como empresa.\u00a0 Adicional a esto, se cuenta con la capacidad para poder cubrir los requerimientos de clientes as\u00ed mi se cuenta con un \u00e1rea de dise\u00f1o para que pueda desarrollar el producto a&nbsp;<a href=\"https:\/\/www.sedaceiautomation.com\/?page_id=3100\" class=\"read-more\">Seguir leyendo<\/a>","protected":false},"author":6,"featured_media":0,"parent":0,"menu_order":0,"comment_status":"closed","ping_status":"closed","template":"page-fullwidth.php","meta":{"footnotes":""},"class_list":["post-3100","page","type-page","status-publish","hentry"],"_links":{"self":[{"href":"https:\/\/www.sedaceiautomation.com\/index.php?rest_route=\/wp\/v2\/pages\/3100","targetHints":{"allow":["GET"]}}],"collection":[{"href":"https:\/\/www.sedaceiautomation.com\/index.php?rest_route=\/wp\/v2\/pages"}],"about":[{"href":"https:\/\/www.sedaceiautomation.com\/index.php?rest_route=\/wp\/v2\/types\/page"}],"author":[{"embeddable":true,"href":"https:\/\/www.sedaceiautomation.com\/index.php?rest_route=\/wp\/v2\/users\/6"}],"replies":[{"embeddable":true,"href":"https:\/\/www.sedaceiautomation.com\/index.php?rest_route=%2Fwp%2Fv2%2Fcomments&post=3100"}],"version-history":[{"count":32,"href":"https:\/\/www.sedaceiautomation.com\/index.php?rest_route=\/wp\/v2\/pages\/3100\/revisions"}],"predecessor-version":[{"id":3930,"href":"https:\/\/www.sedaceiautomation.com\/index.php?rest_route=\/wp\/v2\/pages\/3100\/revisions\/3930"}],"wp:attachment":[{"href":"https:\/\/www.sedaceiautomation.com\/index.php?rest_route=%2Fwp%2Fv2%2Fmedia&parent=3100"}],"curies":[{"name":"wp","href":"https:\/\/api.w.org\/{rel}","templated":true}]}}