{"id":2189,"date":"2015-09-01T00:01:27","date_gmt":"2015-09-01T00:01:27","guid":{"rendered":"http:\/\/www.sedaceiautomation.com\/?page_id=2189"},"modified":"2021-07-30T16:05:53","modified_gmt":"2021-07-30T16:05:53","slug":"servicios","status":"publish","type":"page","link":"https:\/\/www.sedaceiautomation.com\/?page_id=2189","title":{"rendered":"Servicios"},"content":{"rendered":"\n<p style=\"text-align: justify;\"><span style=\"color: #000000;\">En la pagina de <strong>Sedacei Automation<\/strong> encontrar\u00e1s lo que Desarrollamos, dise\u00f1amos. Fabricamos m\u00e1quinas y herramientas de automatizaci\u00f3n, ya\u00a0 que somos una empresa Mexicana de marca propia que cuenta con mas de 100 a\u00f1os de experiencia acumulada en la industria manufacturera internacional, altamente competitiva, cuyo excelente trabajo en equipo refleja su incomparable servicio postventa a trav\u00e9s de una metodolog\u00eda con OTDS del 99% y con capacidad de fabricaci\u00f3n CNC disponible m\u00e1s de 16.000 horas anuales as\u00ed nos ayudara a poder reducir los costos de operaci\u00f3n, mejorar la calidad de su producto y mejorar su tiempo en operaci\u00f3n.<\/span><br \/><br \/><\/p>\n<p><span style=\"font-size: 20px;\"><strong><span style=\"color: #000000;\">por ejemplo\u00a0<\/span><\/strong><\/span><\/p>\n<ul>\n<li class=\"title-header\"><span style=\"color: #000000; font-size: 16px;\"><strong>Manufactura CNC<\/strong><\/span><\/li>\n<li>\n<p class=\"title-header\"><span style=\"color: #000000; font-size: 16px;\"><strong>Manufactura de Pallets y Fixtures<\/strong><\/span><\/p>\n<\/li>\n<li>\n<p class=\"title-header\"><span style=\"color: #000000; font-size: 16px;\"><strong>Servicio de Ingenier\u00eda<\/strong><\/span><\/p>\n<\/li>\n<li>\n<p class=\"title-header\"><span style=\"color: #000000; font-size: 16px;\"><strong>Proyectos Automatizados<\/strong><\/span><\/p>\n<\/li>\n<li>\n<p><span style=\"font-size: 16px; color: #000000;\"><strong>Ventas en L\u00ednea<\/strong><\/span><\/p>\n<\/li>\n<\/ul>\n","protected":false},"excerpt":{"rendered":"En la pagina de Sedacei Automation encontrar\u00e1s lo que Desarrollamos, dise\u00f1amos. Fabricamos m\u00e1quinas y herramientas de automatizaci\u00f3n, ya\u00a0 que somos una empresa Mexicana de marca propia que cuenta con mas de 100 a\u00f1os de experiencia acumulada en la industria manufacturera internacional, altamente competitiva, cuyo excelente trabajo en equipo refleja su incomparable servicio postventa a trav\u00e9s de una metodolog\u00eda con OTDS&nbsp;<a href=\"https:\/\/www.sedaceiautomation.com\/?page_id=2189\" class=\"read-more\">Seguir leyendo<\/a>","protected":false},"author":5,"featured_media":0,"parent":0,"menu_order":0,"comment_status":"open","ping_status":"open","template":"","meta":{"footnotes":""},"class_list":["post-2189","page","type-page","status-publish","hentry"],"_links":{"self":[{"href":"https:\/\/www.sedaceiautomation.com\/index.php?rest_route=\/wp\/v2\/pages\/2189","targetHints":{"allow":["GET"]}}],"collection":[{"href":"https:\/\/www.sedaceiautomation.com\/index.php?rest_route=\/wp\/v2\/pages"}],"about":[{"href":"https:\/\/www.sedaceiautomation.com\/index.php?rest_route=\/wp\/v2\/types\/page"}],"author":[{"embeddable":true,"href":"https:\/\/www.sedaceiautomation.com\/index.php?rest_route=\/wp\/v2\/users\/5"}],"replies":[{"embeddable":true,"href":"https:\/\/www.sedaceiautomation.com\/index.php?rest_route=%2Fwp%2Fv2%2Fcomments&post=2189"}],"version-history":[{"count":18,"href":"https:\/\/www.sedaceiautomation.com\/index.php?rest_route=\/wp\/v2\/pages\/2189\/revisions"}],"predecessor-version":[{"id":3940,"href":"https:\/\/www.sedaceiautomation.com\/index.php?rest_route=\/wp\/v2\/pages\/2189\/revisions\/3940"}],"wp:attachment":[{"href":"https:\/\/www.sedaceiautomation.com\/index.php?rest_route=%2Fwp%2Fv2%2Fmedia&parent=2189"}],"curies":[{"name":"wp","href":"https:\/\/api.w.org\/{rel}","templated":true}]}}