{"id":2115,"date":"2015-09-06T15:40:17","date_gmt":"2015-09-06T15:40:17","guid":{"rendered":"http:\/\/www.sedaceiautomation.com\/?page_id=2115"},"modified":"2021-11-19T22:21:26","modified_gmt":"2021-11-19T22:21:26","slug":"nosotros","status":"publish","type":"page","link":"https:\/\/www.sedaceiautomation.com\/?page_id=2115","title":{"rendered":"Nosotros"},"content":{"rendered":"\n<div class=\"wp-block-columns is-layout-flex wp-container-core-columns-is-layout-1 wp-block-columns-is-layout-flex\">\n<div class=\"wp-block-column is-layout-flow wp-block-column-is-layout-flow\" style=\"flex-basis:33.33%\">\n<h4 style=\"text-align: center;\"><span style=\"font-size: 24px;\">Estructura Organizacional de la empresa<\/span><\/h4>\n<p>&nbsp;<\/p>\n<p style=\"text-align: justify;\"><span style=\"color: #000000;\">SEDACEI cuenta con un equipo que nos ayuda a brindar satisfacci\u00f3n a todos nuestros clientes. Ademas de brindarle un espacio a estudiantes ayud\u00e1ndolos en su formaci\u00f3n y preparaci\u00f3n acad\u00e9mica.&nbsp; &nbsp; &nbsp; &nbsp;<\/span><\/p>\n<p style=\"text-align: justify;\"><span style=\"color: #000000;\">Contando con el apoyo del Director General Ing Jorge Esparza quien dirige el funcionamiento de la empresa.<\/span><\/p>\n<\/div>\n\n\n\n<div class=\"wp-block-column is-layout-flow wp-block-column-is-layout-flow\" style=\"flex-basis:66.66%\">\n<figure class=\"wp-block-image size-large\"><img loading=\"lazy\" decoding=\"async\" width=\"1024\" height=\"917\" src=\"https:\/\/www.sedaceiautomation.com\/wp-content\/uploads\/2021\/11\/ORGANIGRAMA-CON-FOTOGRAFIAS-_2_-min-1024x917.jpg\" alt=\"\" class=\"wp-image-3986\" srcset=\"https:\/\/www.sedaceiautomation.com\/wp-content\/uploads\/2021\/11\/ORGANIGRAMA-CON-FOTOGRAFIAS-_2_-min-1024x917.jpg 1024w, https:\/\/www.sedaceiautomation.com\/wp-content\/uploads\/2021\/11\/ORGANIGRAMA-CON-FOTOGRAFIAS-_2_-min-300x269.jpg 300w, https:\/\/www.sedaceiautomation.com\/wp-content\/uploads\/2021\/11\/ORGANIGRAMA-CON-FOTOGRAFIAS-_2_-min-1536x1375.jpg 1536w, https:\/\/www.sedaceiautomation.com\/wp-content\/uploads\/2021\/11\/ORGANIGRAMA-CON-FOTOGRAFIAS-_2_-min-2048x1833.jpg 2048w\" sizes=\"auto, (max-width: 1024px) 100vw, 1024px\" \/><\/figure>\n<\/div>\n<\/div>\n\n\n<h5>&nbsp;<\/h5>\n<h5 style=\"text-align: center;\"><span style=\"font-size: 32px;\"><span lang=\"ES-MX\" style=\"font-size: 24px;\" xml:lang=\"ES-MX\">Un centro de <\/span><span lang=\"ES-MX\" xml:lang=\"ES-MX\"><span style=\"font-size: 24px;\">Dise\u00f1o y Manufactura de Clase Mundial<\/span>&nbsp;<\/span><\/span><\/h5>\n<p><\/p>\n<p style=\"text-align: justify;\"><span style=\"font-size: 16px; color: #000000;\"><span lang=\"ES-MX\" xml:lang=\"ES-MX\"><strong>En SEDACEI AUTOMATION<\/strong> contamos con la facultad de desarrollar, dise\u00f1ar y fabricar m\u00e1quinas y herramientas automatizadas que ayudan a nuestros clientes a reducir costos de operaci\u00f3n, incrementar la calidad del producto adem\u00e1s de mejorar sus tiempos de operaci\u00f3n. Poniendo como objetivo primordial tu satisfacci\u00f3n como cliente logramos consolidarnos como la empresa innovadora de maquinaria enfocada principalmente en la industria automotriz, sin descartar que podemos ser pieza clave para los dem\u00e1s sectores industriales<\/span>.<\/span><\/p>\n<p><\/p>\n<h5 style=\"text-align: center;\"><span style=\"font-size: 24px;\"><span lang=\"ES-MX\" xml:lang=\"ES-MX\">Satisfacci\u00f3n y \u00c9xito<\/span>.<\/span><\/h5>\n<p style=\"text-align: justify;\"><span style=\"color: #000000;\">Sedacei Automation es una empresa enfocada a la satisfacci\u00f3n y \u00e9xito total de nuestros clientes con el compromiso de alcanzar la m\u00e1s alta calidad en la fabricaci\u00f3n de nuestros productos y servicios.Es nuestro principio b\u00e1sico de negocio el proveer a nuestros clientes con un nivel de calidad y servicio que consistentemente alcance y rebase sus expectativas.<\/span><\/p>\n<p><\/p>\n<h5 style=\"text-align: center;\"><span style=\"font-size: 24px;\">Competitivos&nbsp;y Capaces.<\/span><\/h5>\n<p style=\"text-align: justify;\"><span lang=\"ES-MX\" style=\"color: #000000;\" xml:lang=\"ES-MX\">Ser una empresa proveedora de servicios integrales de manufactura a nivel nacional e internacional siendo competitivos en base a nuestros costos y capacidades.<\/span><\/p>\n<p style=\"text-align: justify;\"><span lang=\"ES-MX\" xml:lang=\"ES-MX\"><span style=\"color: #000000;\">Una empresa que tiene sus inicios formales en el a\u00f1o 2010 en el municipio de Rinc\u00f3n de Romos, contando con m\u00e1s de 10 a\u00f1os de experiencia, dedicada a la fabricaci\u00f3n de maquinaria especializada.<\/span><\/span><\/p>\n<ul>\n<li style=\"text-align: justify;\"><span style=\"color: #000000;\"><strong>2009:<\/strong> Comienza operaciones con dos empleados figurando como persona f\u00edsica.<\/span><\/li>\n<li style=\"text-align: justify;\"><span style=\"color: #000000;\"><strong>2010:<\/strong> Primera venta a Mahle Componentes de Motor de Mexico, logrando una posici\u00f3n en el mercado con proveedores TIER 1.<\/span><\/li>\n<li style=\"text-align: justify;\"><span style=\"color: #000000;\"><strong>2011:<\/strong> Registro como persona moral el 20 de septiembre del a\u00f1o 2011.<\/span><\/li>\n<li style=\"text-align: justify;\"><span style=\"color: #000000;\"><strong>2012:&nbsp;<\/strong>Registra de Marca SEDACEI ante IMPI<\/span><\/li>\n<li style=\"text-align: justify;\"><span style=\"color: #000000;\"><strong>2013:<\/strong> Inicia Proyecto de expansi\u00f3n en infraestructura y capacidad instalada.<\/span><\/li>\n<li style=\"text-align: justify;\"><span style=\"color: #000000;\"><strong>2014:<\/strong> Logramos la adquisici\u00f3n de un apoyo de fondo progreso para construcci\u00f3n de su Nave Industrial.<\/span><\/li>\n<li style=\"text-align: justify;\"><span style=\"color: #000000;\"><strong>2015:&nbsp;<\/strong>Inicia construcci\u00f3n de su primera Nave Industrial y el Proceso de certificaci\u00f3n ISO 9001:2008 e ISO 14001:2004<\/span><\/li>\n<li style=\"text-align: justify;\"><span style=\"color: #000000;\"><strong>2017: <\/strong>Firma de contrato con LANZ MANUFAKTUR, comercializaci\u00f3n de lamparas amigables con el medio ambiente.<\/span><\/li>\n<li><span style=\"color: #000000;\"><strong>2018<\/strong><\/span><\/li>\n<li><span style=\"color: #000000;\"><strong>2019<\/strong><\/span><\/li>\n<li><span style=\"color: #000000;\"><strong>2020<\/strong><\/span><\/li>\n<li><span style=\"color: #000000;\"><strong>2021<\/strong><\/span><\/li>\n<\/ul>\n<h5>&nbsp;<\/h5>\n<h5>&nbsp;<\/h5>\n<h5 style=\"text-align: center;\"><span style=\"font-size: 24px;\">Sistema ERP<\/span><\/h5>\n<p style=\"padding-left: 40px; text-align: justify;\"><span style=\"color: #000000;\">Sedacei Automation cuenta con un Software ERP, para apoyarnos en las tareas administrativas derivadas por la ejecuci\u00f3n del ciclo de los proyectos, ademas de permitirnos revisar el tiempo real los avances en cada un de los procesos de producci\u00f3n la cual nos permite asegurar tiempos de entrega y trazabilidad de los productos y servicios que ofrecemos&nbsp;<\/span><\/p>\n<p><img loading=\"lazy\" decoding=\"async\" class=\"aligncenter wp-image-2727 size-large\" src=\"https:\/\/www.sedaceiautomation.com\/wp-content\/uploads\/2020\/12\/Captura-de-pantalla-94-1024x535.png\" alt=\"\" width=\"604\" height=\"316\" srcset=\"https:\/\/www.sedaceiautomation.com\/wp-content\/uploads\/2020\/12\/Captura-de-pantalla-94-1024x535.png 1024w, https:\/\/www.sedaceiautomation.com\/wp-content\/uploads\/2020\/12\/Captura-de-pantalla-94-300x157.png 300w, https:\/\/www.sedaceiautomation.com\/wp-content\/uploads\/2020\/12\/Captura-de-pantalla-94.png 1315w\" sizes=\"auto, (max-width: 604px) 100vw, 604px\" \/><\/p>\n\n\n<p><\/p>\n","protected":false},"excerpt":{"rendered":"Estructura Organizacional de la empresa &nbsp; SEDACEI cuenta con un equipo que nos ayuda a brindar satisfacci\u00f3n a todos nuestros clientes. Ademas de brindarle un espacio a estudiantes ayud\u00e1ndolos en su formaci\u00f3n y preparaci\u00f3n acad\u00e9mica.&nbsp; &nbsp; &nbsp; &nbsp; Contando con el apoyo del Director General Ing Jorge Esparza quien dirige el funcionamiento de la empresa. &nbsp; Un centro de Dise\u00f1o&nbsp;<a href=\"https:\/\/www.sedaceiautomation.com\/?page_id=2115\" class=\"read-more\">Seguir leyendo<\/a>","protected":false},"author":5,"featured_media":0,"parent":0,"menu_order":0,"comment_status":"open","ping_status":"open","template":"page-fullwidth.php","meta":{"footnotes":""},"class_list":["post-2115","page","type-page","status-publish","hentry"],"_links":{"self":[{"href":"https:\/\/www.sedaceiautomation.com\/index.php?rest_route=\/wp\/v2\/pages\/2115","targetHints":{"allow":["GET"]}}],"collection":[{"href":"https:\/\/www.sedaceiautomation.com\/index.php?rest_route=\/wp\/v2\/pages"}],"about":[{"href":"https:\/\/www.sedaceiautomation.com\/index.php?rest_route=\/wp\/v2\/types\/page"}],"author":[{"embeddable":true,"href":"https:\/\/www.sedaceiautomation.com\/index.php?rest_route=\/wp\/v2\/users\/5"}],"replies":[{"embeddable":true,"href":"https:\/\/www.sedaceiautomation.com\/index.php?rest_route=%2Fwp%2Fv2%2Fcomments&post=2115"}],"version-history":[{"count":98,"href":"https:\/\/www.sedaceiautomation.com\/index.php?rest_route=\/wp\/v2\/pages\/2115\/revisions"}],"predecessor-version":[{"id":3987,"href":"https:\/\/www.sedaceiautomation.com\/index.php?rest_route=\/wp\/v2\/pages\/2115\/revisions\/3987"}],"wp:attachment":[{"href":"https:\/\/www.sedaceiautomation.com\/index.php?rest_route=%2Fwp%2Fv2%2Fmedia&parent=2115"}],"curies":[{"name":"wp","href":"https:\/\/api.w.org\/{rel}","templated":true}]}}