{"id":203,"date":"2011-09-14T09:45:02","date_gmt":"2011-09-14T09:45:02","guid":{"rendered":"http:\/\/www.sedaceiautomation.com\/"},"modified":"2022-03-16T22:13:48","modified_gmt":"2022-03-16T22:13:48","slug":"main-page","status":"publish","type":"page","link":"https:\/\/www.sedaceiautomation.com\/","title":{"rendered":"Inicio"},"content":{"rendered":"\n\n\n<h2 style=\"text-align: center;\">NUESTRO EQUIPO<\/h2>\n<p id=\"tw-target-text\" class=\"tw-data-text tw-text-large XcVN5d tw-ta\" dir=\"ltr\" style=\"text-align: justify;\" data-placeholder=\"Traducci\u00f3n\"><span lang=\"es\" style=\"color: #000000;\"><strong>En Sedacei Aautomation<\/strong> Desarrollamos, dise\u00f1amos y fabricamos m\u00e1quinas y herramientas de automatizaci\u00f3n. Somos una empresa Mexicana de marca propia que cuenta con m\u00e1s de 100 a\u00f1os de experiencia acumulada en la industria manufacturera internacional altamente competitiva, reflejando su incomparable servicio postventa a trav\u00e9s de una metodolog\u00eda con OTDS del 99% y con capacidad de fabricaci\u00f3n CNC disponible\u00a0 a m\u00e1s de 16.000 horas anuales. Logrando\u00a0 as\u00ed reducir los costos de operaci\u00f3n y\u00a0 mejorando siempre los tiempos de producci\u00f3n y calidad.<\/span><\/p>\n\n\n\n<div class=\"wp-block-columns is-layout-flex wp-container-core-columns-is-layout-1 wp-block-columns-is-layout-flex\">\n<div class=\"wp-block-column is-layout-flow wp-block-column-is-layout-flow\" style=\"flex-basis:66.66%\">\n<h3 style=\"text-align: center;\"><span style=\"font-size: 24px;\">HISTORIA:<\/span><\/h3>\n<div>\n<p class=\"m_1\" style=\"text-align: justify;\"><span style=\"color: #000000;\"><strong>SEDACEI<\/strong> <strong>AUTOMATION<\/strong> es una empresa fundada en Rinc\u00f3n de Romos, Ags en el a\u00f1o 2009 por el Ing. Jorge Eduardo Esparza Rodr\u00edguez. Contando con m\u00e1s de 10 a\u00f1os de experiencia, sus actividades principales son: el desarrollo de sistemas y\/o mecanismos de automatizaci\u00f3n integrada verticalmente desde el desarrollo de la soluci\u00f3n, dibujo y elaboraci\u00f3n de planos de cada elemento.<\/span><\/p>\n<p class=\"m_1\" style=\"text-align: justify;\"><span style=\"color: #000000;\"> En el a\u00f1o 2011 queda constituida como SEDACEI Automation, S de RLMI de CV de manera formal.\u00a0<\/span><\/p>\n<\/div>\n<\/div>\n\n\n\n<div class=\"wp-block-column is-layout-flow wp-block-column-is-layout-flow\" style=\"flex-basis:33.33%\">\n<figure class=\"wp-block-gallery aligncenter has-nested-images columns-default is-cropped wp-block-gallery-1 is-layout-flex wp-block-gallery-is-layout-flex\">\n<figure class=\"wp-block-image size-large\"><img loading=\"lazy\" decoding=\"async\" width=\"671\" height=\"181\" src=\"https:\/\/www.sedaceiautomation.com\/wp-content\/uploads\/2020\/11\/Historia1.jpg\" alt=\"\" class=\"wp-image-2685\" srcset=\"https:\/\/www.sedaceiautomation.com\/wp-content\/uploads\/2020\/11\/Historia1.jpg 671w, https:\/\/www.sedaceiautomation.com\/wp-content\/uploads\/2020\/11\/Historia1-300x81.jpg 300w\" sizes=\"auto, (max-width: 671px) 100vw, 671px\" \/><\/figure>\n<\/figure>\n<\/div>\n<\/div>\n\n\n\n<div class=\"wp-block-columns is-layout-flex wp-container-core-columns-is-layout-2 wp-block-columns-is-layout-flex\">\n<div class=\"wp-block-column is-layout-flow wp-block-column-is-layout-flow\" style=\"flex-basis:33.33%\">\n<div class=\"wp-block-image\"><figure class=\"aligncenter size-large\"><img loading=\"lazy\" decoding=\"async\" width=\"616\" height=\"170\" src=\"https:\/\/www.sedaceiautomation.com\/wp-content\/uploads\/2020\/11\/Mision2.jpg\" alt=\"\" class=\"wp-image-2693\" srcset=\"https:\/\/www.sedaceiautomation.com\/wp-content\/uploads\/2020\/11\/Mision2.jpg 616w, https:\/\/www.sedaceiautomation.com\/wp-content\/uploads\/2020\/11\/Mision2-300x83.jpg 300w\" sizes=\"auto, (max-width: 616px) 100vw, 616px\" \/><\/figure><\/div>\n<\/div>\n\n\n\n<div class=\"wp-block-column is-layout-flow wp-block-column-is-layout-flow\" style=\"flex-basis:66.66%\">\n<h3 style=\"text-align: center;\"><span style=\"font-size: 24px;\">MISION:<\/span><\/h3>\n<div>\n<p class=\"m_1\" style=\"text-align: justify;\"><span style=\"color: #000000;\"><strong>SEDACEI<\/strong> <strong>AUTOMATION<\/strong> es una empresa enfocada en la satisfacci\u00f3n y el \u00e9xito total de nuestros clientes, tenemos el compromiso de alcanzar la m\u00e1s alta calidad en la fabricaci\u00f3n de productos, servicios y automatizaci\u00f3n. Nuestro principio b\u00e1sico de negocio es proveer a nuestros clientes con un nivel de calidad y servicio que consistentemente alcance y rebase sus expectativas.<\/span><\/p>\n<\/div>\n<\/div>\n<\/div>\n\n\n\n<div class=\"wp-block-columns is-layout-flex wp-container-core-columns-is-layout-3 wp-block-columns-is-layout-flex\">\n<div class=\"wp-block-column is-layout-flow wp-block-column-is-layout-flow\" style=\"flex-basis:66.66%\">\n<h3 style=\"text-align: center;\"><span style=\"font-size: 24px;\">VISION:<\/span><\/h3>\n<p class=\"m_1\" style=\"text-align: justify;\"><span style=\"color: #000000;\">Ser una empresa transnacional que desarrolle y manufacture productos y equipos de marca propia y\/o maquila de los mismos, que sean utilizados por la industria y logren un alto impacto en el mercado global siendo competitivos en base a funcionalidad, costo y calidad. Con lo anterior, buscamos especializaci\u00f3n y segmentaci\u00f3n de l\u00edneas de negocio para ofrecer confianza a nuestros clientes y valor agregado a sus procesos.<\/span><\/p>\n\n\n\n<p><\/p>\n<\/div>\n\n\n\n<div class=\"wp-block-column is-layout-flow wp-block-column-is-layout-flow\" style=\"flex-basis:33.33%\">\n<div class=\"wp-block-image\"><figure class=\"aligncenter size-large\"><img loading=\"lazy\" decoding=\"async\" width=\"671\" height=\"181\" src=\"https:\/\/www.sedaceiautomation.com\/wp-content\/uploads\/2020\/11\/imagen_2020-11-26_091239.png\" alt=\"\" class=\"wp-image-2701\" srcset=\"https:\/\/www.sedaceiautomation.com\/wp-content\/uploads\/2020\/11\/imagen_2020-11-26_091239.png 671w, https:\/\/www.sedaceiautomation.com\/wp-content\/uploads\/2020\/11\/imagen_2020-11-26_091239-300x81.png 300w\" sizes=\"auto, (max-width: 671px) 100vw, 671px\" \/><\/figure><\/div>\n<\/div>\n<\/div>\n\n\n\n<div class=\"wp-block-columns is-layout-flex wp-container-core-columns-is-layout-4 wp-block-columns-is-layout-flex\">\n<div class=\"wp-block-column is-vertically-aligned-center is-layout-flow wp-block-column-is-layout-flow\" style=\"flex-basis:33.33%\">\n<div class=\"wp-block-image\"><figure class=\"aligncenter size-large\"><img loading=\"lazy\" decoding=\"async\" width=\"671\" height=\"181\" src=\"https:\/\/www.sedaceiautomation.com\/wp-content\/uploads\/2020\/11\/Calidad1.jpg\" alt=\"\" class=\"wp-image-2704\" srcset=\"https:\/\/www.sedaceiautomation.com\/wp-content\/uploads\/2020\/11\/Calidad1.jpg 671w, https:\/\/www.sedaceiautomation.com\/wp-content\/uploads\/2020\/11\/Calidad1-300x81.jpg 300w\" sizes=\"auto, (max-width: 671px) 100vw, 671px\" \/><\/figure><\/div>\n<\/div>\n\n\n\n<div class=\"wp-block-column is-layout-flow wp-block-column-is-layout-flow\" style=\"flex-basis:66.66%\">\n<h3 style=\"text-align: center;\"><span style=\"font-size: 24px;\">POL\u00cdTICAS DE CALIDAD Y MEDIO AMBIENTE<\/span><\/h3>\n<p class=\"m_1\" style=\"text-align: justify;\"><span style=\"color: #000000;\"><strong>SEDACEI AUTOMATION<\/strong> establece el compromiso de orientar todas sus actividades de fabricaci\u00f3n de maquinaria y piezas Industriales cumpliendo con los requisitos en materia de calidad y medio ambiente aplicables a trav\u00e9s de personal competente y comprometido con la mejora continua del Sistema Integral y la prevenci\u00f3n de la contaminaci\u00f3n.<\/span><\/p>\n<\/div>\n<\/div>\n\n\n\n<h3>&nbsp;<\/h3>\n<h3 style=\"text-align: center;\"><span style=\"font-size: 24px;\">Valores<\/span><\/h3>\n\n\n\n<div class=\"wp-block-columns is-layout-flex wp-container-core-columns-is-layout-5 wp-block-columns-is-layout-flex\">\n<div class=\"wp-block-column is-layout-flow wp-block-column-is-layout-flow\">\n<h5>&nbsp;<\/h5>\n<h5><span style=\"font-size: 20px;\">HONESTIDAD:<\/span><\/h5>\n<p class=\"m_1\" style=\"text-align: justify;\"><span style=\"color: #000000;\">Conducirnos de acuerdo a los est\u00e1ndares de trabajo definidos, ya que este valor hace referencia para todo el personal al igual que para los clientes. Es decir, hablar siempre con la verdad ya que es una herramienta clave para el crecimiento de todos los que formamos SEDACEI y basado en ello tendremos la confianza de pedir oportunidad para afrontar nuevos retos.<\/span><\/p>\n<p>&nbsp;<\/p>\n<\/div>\n\n\n\n<div class=\"wp-block-column is-layout-flow wp-block-column-is-layout-flow\">\n<center>\n<h5>&nbsp;<\/h5>\n<h5 style=\"text-align: center;\"><span style=\"font-size: 20px; text-align: justify;\">RESPETO:<\/span><\/h5>\n<\/center>\n<p class=\"m_1\" style=\"text-align: justify;\"><span style=\"color: #000000;\">Dirigirnos con nuestros colaboradores con el pleno conocimiento de lo que contiene este h\u00e1bito ya que es fundamental practicarlo para el bien de SEDACEI, basado en este valor fomentaremos un ambiente de trabajo sano y motivador.<\/span><\/p>\n<\/div>\n\n\n\n<div class=\"wp-block-column is-layout-flow wp-block-column-is-layout-flow\">\n<p>&nbsp;<\/p>\n<h5><span style=\"font-size: 20px;\">RESPONSABILIDAD<\/span><span style=\"color: #000000; font-size: 20px;\">:<\/span><\/h5>\n<p class=\"m_1\" style=\"text-align: justify;\"><span style=\"color: #000000;\">Todos los miembros que forman parte de SEDACEI tenemos el compromiso de realizar las funciones asignadas en tiempo y forma, para lograr los objetivos planteados.<\/span><\/p>\n\n\n\n<p><\/p>\n<\/div>\n<\/div>\n\n\n\n<p style=\"text-align: center;\"><span style=\"font-size: 24px;\"><b>CICLO DE PROYECTOS<\/b><\/span><\/p>\n<p>&nbsp;<\/p>\n\n\n\n<div class=\"wp-block-columns is-layout-flex wp-container-core-columns-is-layout-6 wp-block-columns-is-layout-flex\">\n<div class=\"wp-block-column is-layout-flow wp-block-column-is-layout-flow\">\n\n\n<p><\/p>\n\n\n\n<div class=\"wp-block-image\"><figure class=\"aligncenter size-large\"><img loading=\"lazy\" decoding=\"async\" width=\"583\" height=\"452\" src=\"https:\/\/www.sedaceiautomation.com\/wp-content\/uploads\/2021\/02\/imagen_2021-02-05_123709.png\" alt=\"\" class=\"wp-image-3244\" srcset=\"https:\/\/www.sedaceiautomation.com\/wp-content\/uploads\/2021\/02\/imagen_2021-02-05_123709.png 583w, https:\/\/www.sedaceiautomation.com\/wp-content\/uploads\/2021\/02\/imagen_2021-02-05_123709-300x233.png 300w\" sizes=\"auto, (max-width: 583px) 100vw, 583px\" \/><\/figure><\/div>\n<\/div>\n<\/div>\n\n\n\n<p><\/p>\n","protected":false},"excerpt":{"rendered":"NUESTRO EQUIPO En Sedacei Aautomation Desarrollamos, dise\u00f1amos y fabricamos m\u00e1quinas y herramientas de automatizaci\u00f3n. Somos una empresa Mexicana de marca propia que cuenta con m\u00e1s de 100 a\u00f1os de experiencia acumulada en la industria manufacturera internacional altamente competitiva, reflejando su incomparable servicio postventa a trav\u00e9s de una metodolog\u00eda con OTDS del 99% y con capacidad de fabricaci\u00f3n CNC disponible\u00a0 a&nbsp;<a href=\"https:\/\/www.sedaceiautomation.com\/\" class=\"read-more\">Seguir leyendo<\/a>","protected":false},"author":5,"featured_media":0,"parent":0,"menu_order":0,"comment_status":"open","ping_status":"closed","template":"page-home.php","meta":{"footnotes":""},"class_list":["post-203","page","type-page","status-publish","hentry"],"_links":{"self":[{"href":"https:\/\/www.sedaceiautomation.com\/index.php?rest_route=\/wp\/v2\/pages\/203","targetHints":{"allow":["GET"]}}],"collection":[{"href":"https:\/\/www.sedaceiautomation.com\/index.php?rest_route=\/wp\/v2\/pages"}],"about":[{"href":"https:\/\/www.sedaceiautomation.com\/index.php?rest_route=\/wp\/v2\/types\/page"}],"author":[{"embeddable":true,"href":"https:\/\/www.sedaceiautomation.com\/index.php?rest_route=\/wp\/v2\/users\/5"}],"replies":[{"embeddable":true,"href":"https:\/\/www.sedaceiautomation.com\/index.php?rest_route=%2Fwp%2Fv2%2Fcomments&post=203"}],"version-history":[{"count":132,"href":"https:\/\/www.sedaceiautomation.com\/index.php?rest_route=\/wp\/v2\/pages\/203\/revisions"}],"predecessor-version":[{"id":4021,"href":"https:\/\/www.sedaceiautomation.com\/index.php?rest_route=\/wp\/v2\/pages\/203\/revisions\/4021"}],"wp:attachment":[{"href":"https:\/\/www.sedaceiautomation.com\/index.php?rest_route=%2Fwp%2Fv2%2Fmedia&parent=203"}],"curies":[{"name":"wp","href":"https:\/\/api.w.org\/{rel}","templated":true}]}}